{"id":568,"date":"2021-05-07T17:06:42","date_gmt":"2021-05-07T15:06:42","guid":{"rendered":"https:\/\/www.xn--hasselbcher-r8a.de\/?page_id=568"},"modified":"2021-05-07T17:06:42","modified_gmt":"2021-05-07T15:06:42","slug":"staedtetouren","status":"publish","type":"page","link":"https:\/\/www.xn--hasselbcher-r8a.de\/?page_id=568","title":{"rendered":"St\u00e4dtetouren"},"content":{"rendered":"\n<p style=\"font-size:23px\">Es gibt viele sch\u00f6ne St\u00e4dte, einige besuchte St\u00e4dte bekom\u00admen eine eigene Seite.<\/p>\n","protected":false},"excerpt":{"rendered":"<p>Es gibt viele sch\u00f6ne St\u00e4dte, einige besuchte St\u00e4dte bekom\u00admen eine eigene Seite.<\/p>\n","protected":false},"author":1,"featured_media":0,"parent":0,"menu_order":0,"comment_status":"closed","ping_status":"closed","template":"","meta":{"_coblocks_attr":"","_coblocks_dimensions":"","_coblocks_responsive_height":"","_coblocks_accordion_ie_support":"","wp_typography_post_enhancements_disabled":false,"footnotes":""},"class_list":["post-568","page","type-page","status-publish","hentry"],"_links":{"self":[{"href":"https:\/\/www.xn--hasselbcher-r8a.de\/index.php?rest_route=\/wp\/v2\/pages\/568","targetHints":{"allow":["GET"]}}],"collection":[{"href":"https:\/\/www.xn--hasselbcher-r8a.de\/index.php?rest_route=\/wp\/v2\/pages"}],"about":[{"href":"https:\/\/www.xn--hasselbcher-r8a.de\/index.php?rest_route=\/wp\/v2\/types\/page"}],"author":[{"embeddable":true,"href":"https:\/\/www.xn--hasselbcher-r8a.de\/index.php?rest_route=\/wp\/v2\/users\/1"}],"replies":[{"embeddable":true,"href":"https:\/\/www.xn--hasselbcher-r8a.de\/index.php?rest_route=%2Fwp%2Fv2%2Fcomments&post=568"}],"version-history":[{"count":1,"href":"https:\/\/www.xn--hasselbcher-r8a.de\/index.php?rest_route=\/wp\/v2\/pages\/568\/revisions"}],"predecessor-version":[{"id":569,"href":"https:\/\/www.xn--hasselbcher-r8a.de\/index.php?rest_route=\/wp\/v2\/pages\/568\/revisions\/569"}],"wp:attachment":[{"href":"https:\/\/www.xn--hasselbcher-r8a.de\/index.php?rest_route=%2Fwp%2Fv2%2Fmedia&parent=568"}],"curies":[{"name":"wp","href":"https:\/\/api.w.org\/{rel}","templated":true}]}}